{"id":4311,"date":"2024-05-15T10:43:50","date_gmt":"2024-05-15T10:43:50","guid":{"rendered":"https:\/\/evitly.lt\/naujienos\/"},"modified":"2025-04-17T00:37:28","modified_gmt":"2025-04-17T00:37:28","slug":"naujienos","status":"publish","type":"page","link":"https:\/\/evitly.lt\/de\/naujienos\/","title":{"rendered":"Naujienos"},"content":{"rendered":"\t\t<div data-elementor-type=\"wp-page\" data-elementor-id=\"4311\" class=\"elementor elementor-4311\">\n\t\t\t\t<div class=\"elementor-element elementor-element-265a2ef6 e-con-full e-flex wpr-particle-no wpr-jarallax-no wpr-parallax-no wpr-sticky-section-no e-con e-parent\" data-id=\"265a2ef6\" data-element_type=\"container\" data-e-type=\"container\">\n\t\t\t\t<div class=\"elementor-element elementor-element-2be8d51a dl-align-center dl-align-left elementor-aspect-ratio-169 elementor-widget elementor-widget-softgen-hero-section-4\" data-id=\"2be8d51a\" data-element_type=\"widget\" data-e-type=\"widget\" data-settings=\"{&quot;sg_aspect_ratio&quot;:&quot;169&quot;}\" data-widget_type=\"softgen-hero-section-4.default\">\n\t\t\t\t<div class=\"elementor-widget-container\">\n\t\t\t\t\t        <div class=\"hero-4\">\n            <div class=\"container\">\n                <div class=\"hero-wrap\">\n                    <div class=\"hero-content\">\n                                    <h4 class=\"sub-heading\">\n                                Die neuesten Trends in der IT-Welt            <\/h4>\n                    <h2 class=\"sg-heading \">\n            Evitly Neuigkeiten            <\/h2>\n                                                    <\/div>\n                                    <\/div>\n            <\/div>\n            <div class=\"animated-dots\"><span class=\"dot lf-left-right\"><\/span><span class=\"lf-up-down\"><\/span><span class=\"lf-up-down\"><\/span><span class=\"lf-rotate-center\"><\/span><span class=\"lf-left-right\"><\/span><span class=\"lf-rotate-center\"><\/span><\/div>        <\/div>\n        \t\t\t\t<\/div>\n\t\t\t\t<\/div>\n\t\t\t\t<\/div>\n\t\t<div class=\"elementor-element elementor-element-48f4912 e-flex e-con-boxed wpr-particle-no wpr-jarallax-no wpr-parallax-no wpr-sticky-section-no e-con e-parent\" data-id=\"48f4912\" data-element_type=\"container\" data-e-type=\"container\">\n\t\t\t\t\t<div class=\"e-con-inner\">\n\t\t\t\t<div class=\"elementor-element elementor-element-141afe0 line-effect-yes elementor-widget elementor-widget-softgen-blog\" data-id=\"141afe0\" data-element_type=\"widget\" data-e-type=\"widget\" data-settings=\"{&quot;carousel&quot;:&quot;no&quot;}\" data-widget_type=\"softgen-blog.default\">\n\t\t\t\t<div class=\"elementor-widget-container\">\n\t\t\t\t\t            <div class=\"el-blog-items softgen-el-blog\">\n                    <article class=\"el-blog-item post-4311 page type-page status-publish hentry\">\n            <div class=\"el-post-item\">\n                <div class=\"el-post-thumb\">\n                    <a href=\"https:\/\/evitly.lt\/de\/die-besten-ki-tools-2025-zur-steigerung-der-produktivitat\/\" class=\"el-post-thumb-inner\">\n                                            <img fetchpriority=\"high\" decoding=\"async\" width=\"6922\" height=\"3825\" src=\"https:\/\/evitly.lt\/wp-content\/uploads\/2025\/02\/6.png\" class=\"attachment-full size-full wp-post-image\" alt=\"\" srcset=\"https:\/\/evitly.lt\/wp-content\/uploads\/2025\/02\/6.png 6922w, https:\/\/evitly.lt\/wp-content\/uploads\/2025\/02\/6-300x166.png 300w, https:\/\/evitly.lt\/wp-content\/uploads\/2025\/02\/6-1024x566.png 1024w, https:\/\/evitly.lt\/wp-content\/uploads\/2025\/02\/6-768x424.png 768w, https:\/\/evitly.lt\/wp-content\/uploads\/2025\/02\/6-1536x849.png 1536w, https:\/\/evitly.lt\/wp-content\/uploads\/2025\/02\/6-2048x1132.png 2048w, https:\/\/evitly.lt\/wp-content\/uploads\/2025\/02\/6-18x10.png 18w\" sizes=\"(max-width: 6922px) 100vw, 6922px\" \/>                                        <\/a>\n                    <a href=\"https:\/\/evitly.lt\/de\/category\/ai-de\/\" class=\"category top-right\">AI<\/a>                <\/div>\n                <div class=\"el-post-content\">\n                                        <h3 class=\"post-title\">\n                        <a href=\"https:\/\/evitly.lt\/de\/die-besten-ki-tools-2025-zur-steigerung-der-produktivitat\/\">Die besten KI-Tools 2025 zur Steigerung der Produktivit\u00e4t<\/a>\n                    <\/h3>\n                                            <p>Haben Sie sich schon einmal gefragt, wie viel Zeit Sie t\u00e4gl...<\/p>\n                                                                <a href=\"https:\/\/evitly.lt\/de\/die-besten-ki-tools-2025-zur-steigerung-der-produktivitat\/\" class=\"read-more\">Skaityti toliau <i class=\"las la-long-arrow-alt-right\"><\/i><\/a>\n                                    <\/div>\n            <\/div>\n        <\/article>\n                <article class=\"el-blog-item post-4311 page type-page status-publish hentry\">\n            <div class=\"el-post-item\">\n                <div class=\"el-post-thumb\">\n                    <a href=\"https:\/\/evitly.lt\/de\/wachsende-bedeutung-von-soft-skills-in-der-it-warum-sie-wichtig-sind-und-wie-man-sie-entwickelt\/\" class=\"el-post-thumb-inner\">\n                                            <img decoding=\"async\" width=\"6922\" height=\"3825\" src=\"https:\/\/evitly.lt\/wp-content\/uploads\/2025\/02\/9.png\" class=\"attachment-full size-full wp-post-image\" alt=\"\" srcset=\"https:\/\/evitly.lt\/wp-content\/uploads\/2025\/02\/9.png 6922w, https:\/\/evitly.lt\/wp-content\/uploads\/2025\/02\/9-300x166.png 300w, https:\/\/evitly.lt\/wp-content\/uploads\/2025\/02\/9-1024x566.png 1024w, https:\/\/evitly.lt\/wp-content\/uploads\/2025\/02\/9-768x424.png 768w, https:\/\/evitly.lt\/wp-content\/uploads\/2025\/02\/9-1536x849.png 1536w, https:\/\/evitly.lt\/wp-content\/uploads\/2025\/02\/9-2048x1132.png 2048w, https:\/\/evitly.lt\/wp-content\/uploads\/2025\/02\/9-18x10.png 18w\" sizes=\"(max-width: 6922px) 100vw, 6922px\" \/>                                        <\/a>\n                    <a href=\"https:\/\/evitly.lt\/de\/category\/hr-de\/\" class=\"category top-right\">HR<\/a>                <\/div>\n                <div class=\"el-post-content\">\n                                        <h3 class=\"post-title\">\n                        <a href=\"https:\/\/evitly.lt\/de\/wachsende-bedeutung-von-soft-skills-in-der-it-warum-sie-wichtig-sind-und-wie-man-sie-entwickelt\/\">Wachsende Bedeutung von Soft Skills in der IT: Warum sie wichtig sind und wie man sie entwickelt<\/a>\n                    <\/h3>\n                                            <p>\u00dcber lange Zeit wurden IT-Spezialisten vor allem nach ihrer...<\/p>\n                                                                <a href=\"https:\/\/evitly.lt\/de\/wachsende-bedeutung-von-soft-skills-in-der-it-warum-sie-wichtig-sind-und-wie-man-sie-entwickelt\/\" class=\"read-more\">Skaityti toliau <i class=\"las la-long-arrow-alt-right\"><\/i><\/a>\n                                    <\/div>\n            <\/div>\n        <\/article>\n                <article class=\"el-blog-item post-4311 page type-page status-publish hentry\">\n            <div class=\"el-post-item\">\n                <div class=\"el-post-thumb\">\n                    <a href=\"https:\/\/evitly.lt\/de\/trends-in-der-it-talentgewinnung-im-jahr-2025\/\" class=\"el-post-thumb-inner\">\n                                            <img decoding=\"async\" width=\"6922\" height=\"3825\" src=\"https:\/\/evitly.lt\/wp-content\/uploads\/2025\/02\/10.png\" class=\"attachment-full size-full wp-post-image\" alt=\"\" srcset=\"https:\/\/evitly.lt\/wp-content\/uploads\/2025\/02\/10.png 6922w, https:\/\/evitly.lt\/wp-content\/uploads\/2025\/02\/10-300x166.png 300w, https:\/\/evitly.lt\/wp-content\/uploads\/2025\/02\/10-1024x566.png 1024w, https:\/\/evitly.lt\/wp-content\/uploads\/2025\/02\/10-768x424.png 768w, https:\/\/evitly.lt\/wp-content\/uploads\/2025\/02\/10-1536x849.png 1536w, https:\/\/evitly.lt\/wp-content\/uploads\/2025\/02\/10-2048x1132.png 2048w, https:\/\/evitly.lt\/wp-content\/uploads\/2025\/02\/10-18x10.png 18w\" sizes=\"(max-width: 6922px) 100vw, 6922px\" \/>                                        <\/a>\n                    <a href=\"https:\/\/evitly.lt\/de\/category\/hr-de\/\" class=\"category top-right\">HR<\/a>                <\/div>\n                <div class=\"el-post-content\">\n                                        <h3 class=\"post-title\">\n                        <a href=\"https:\/\/evitly.lt\/de\/trends-in-der-it-talentgewinnung-im-jahr-2025\/\">Trends in der IT-Talentgewinnung im Jahr 2025<\/a>\n                    <\/h3>\n                                            <p>Die IT-Talentgewinnung befindet sich im st\u00e4ndigen Wandel, u...<\/p>\n                                                                <a href=\"https:\/\/evitly.lt\/de\/trends-in-der-it-talentgewinnung-im-jahr-2025\/\" class=\"read-more\">Skaityti toliau <i class=\"las la-long-arrow-alt-right\"><\/i><\/a>\n                                    <\/div>\n            <\/div>\n        <\/article>\n                    <\/div>\n        \t\t\t\t<\/div>\n\t\t\t\t<\/div>\n\t\t\t\t\t<\/div>\n\t\t\t\t<\/div>\n\t\t\t\t<section class=\"elementor-section elementor-top-section elementor-element elementor-element-403d44ce elementor-section-boxed elementor-section-height-default elementor-section-height-default wpr-particle-no wpr-jarallax-no wpr-parallax-no wpr-sticky-section-no\" data-id=\"403d44ce\" data-element_type=\"section\" data-e-type=\"section\">\n\t\t\t\t\t\t<div class=\"elementor-container elementor-column-gap-default\">\n\t\t\t\t\t<div class=\"elementor-column elementor-col-100 elementor-top-column elementor-element elementor-element-d9461bd\" data-id=\"d9461bd\" data-element_type=\"column\" data-e-type=\"column\">\n\t\t\t<div class=\"elementor-widget-wrap elementor-element-populated\">\n\t\t\t\t\t\t<div class=\"elementor-element elementor-element-7e4788bc elementor-widget elementor-widget-spacer\" data-id=\"7e4788bc\" data-element_type=\"widget\" data-e-type=\"widget\" data-widget_type=\"spacer.default\">\n\t\t\t\t<div class=\"elementor-widget-container\">\n\t\t\t\t\t\t\t<div class=\"elementor-spacer\">\n\t\t\t<div class=\"elementor-spacer-inner\"><\/div>\n\t\t<\/div>\n\t\t\t\t\t\t<\/div>\n\t\t\t\t<\/div>\n\t\t\t\t\t<\/div>\n\t\t<\/div>\n\t\t\t\t\t<\/div>\n\t\t<\/section>\n\t\t\t\t<\/div>\n\t\t","protected":false},"excerpt":{"rendered":"<p>Naujausios tendencijos IT pasaulyje Evitly Naujienos HR IT talent\u0173 pritraukimo tendencijos 2025 metais IT talent\u0173 pritraukimo sritis nuolat kei\u010diasi, o 2025 meta&#8230; Skaityti toliau AI AI pagalba ie\u0161kant IT specialist\u0173: Naujas po\u017ei\u016bris \u012f talent\u0173 paie\u0161k\u0105 \u0160iandienos darbo rinka vis labiau orientuojasi \u012f technolog&#8230; Skaityti toliau Verslas Kaip verslas gali pasinaudoti \u0161iuolaikin\u0117mis technologijomis talent\u0173 atrankoje IT sektorius ir toliau i\u0161lieka vienas i\u0161 dinami\u0161kiausi\u0173 &#8230; Skaityti toliau<\/p>\n","protected":false},"author":1,"featured_media":0,"parent":0,"menu_order":0,"comment_status":"closed","ping_status":"closed","template":"elementor-template.php","meta":{"_monsterinsights_skip_tracking":false,"_monsterinsights_sitenote_active":false,"_monsterinsights_sitenote_note":"","_monsterinsights_sitenote_category":0,"footnotes":""},"class_list":["post-4311","page","type-page","status-publish","hentry"],"aioseo_notices":[],"_links":{"self":[{"href":"https:\/\/evitly.lt\/de\/wp-json\/wp\/v2\/pages\/4311","targetHints":{"allow":["GET"]}}],"collection":[{"href":"https:\/\/evitly.lt\/de\/wp-json\/wp\/v2\/pages"}],"about":[{"href":"https:\/\/evitly.lt\/de\/wp-json\/wp\/v2\/types\/page"}],"author":[{"embeddable":true,"href":"https:\/\/evitly.lt\/de\/wp-json\/wp\/v2\/users\/1"}],"replies":[{"embeddable":true,"href":"https:\/\/evitly.lt\/de\/wp-json\/wp\/v2\/comments?post=4311"}],"version-history":[{"count":3,"href":"https:\/\/evitly.lt\/de\/wp-json\/wp\/v2\/pages\/4311\/revisions"}],"predecessor-version":[{"id":4319,"href":"https:\/\/evitly.lt\/de\/wp-json\/wp\/v2\/pages\/4311\/revisions\/4319"}],"wp:attachment":[{"href":"https:\/\/evitly.lt\/de\/wp-json\/wp\/v2\/media?parent=4311"}],"curies":[{"name":"wp","href":"https:\/\/api.w.org\/{rel}","templated":true}]}}