{"id":4469,"date":"2024-12-10T16:45:43","date_gmt":"2024-12-10T16:45:43","guid":{"rendered":"https:\/\/evitly.lt\/fur-kandidaten\/"},"modified":"2025-04-17T11:13:41","modified_gmt":"2025-04-17T11:13:41","slug":"fur-kandidaten","status":"publish","type":"page","link":"https:\/\/evitly.lt\/de\/fur-kandidaten\/","title":{"rendered":"F\u00fcr Kandidaten"},"content":{"rendered":"\t\t<div data-elementor-type=\"wp-page\" data-elementor-id=\"4469\" class=\"elementor elementor-4469\">\n\t\t\t\t<div class=\"elementor-element elementor-element-6f21c5f e-con-full e-flex wpr-particle-no wpr-jarallax-no wpr-parallax-no wpr-sticky-section-no e-con e-parent\" data-id=\"6f21c5f\" data-element_type=\"container\" data-e-type=\"container\">\n\t\t\t\t<div class=\"elementor-element elementor-element-3079209 dl-align-center dl-align-left elementor-aspect-ratio-169 elementor-widget elementor-widget-softgen-hero-section-4\" data-id=\"3079209\" data-element_type=\"widget\" data-e-type=\"widget\" data-settings=\"{&quot;sg_aspect_ratio&quot;:&quot;169&quot;}\" data-widget_type=\"softgen-hero-section-4.default\">\n\t\t\t\t<div class=\"elementor-widget-container\">\n\t\t\t\t\t        <div class=\"hero-4\">\n            <div class=\"container\">\n                <div class=\"hero-wrap\">\n                    <div class=\"hero-content\">\n                                    <h4 class=\"sub-heading\">\n                                Wir tragen zu deinem Karriereerfolg bei!            <\/h4>\n                    <h2 class=\"sg-heading \">\n            Dein n\u00e4chster Karriereschritt in der IT beginnt hier \u2013 mit Evitly!            <\/h2>\n                    <p class=\"desc\">Von der Suche nach den passendsten Positionen bis hin zu einem reibungslosen Einstellungsprozess \u2013 wir sorgen daf\u00fcr, dass du nicht nur ein Team findest, das deinen F\u00e4higkeiten und Ambitionen entspricht, sondern auch eine Stelle, in der du wachsen und dich weiterentwickeln kannst. Unser Ziel ist es, langfristige Verbindungen zwischen IT-Fachkr\u00e4ften und Organisationen zu schaffen, die deren Wissen, Kreativit\u00e4t und Erfahrung sch\u00e4tzen.<\/p>\n                                                        <div class=\"el-btn-group\">\n                                        <a href=\"https:\/\/evitly.lt\/darbo-pasiulymai\" rel=\"nofollow\" class=\"sg-theme-btn btn-1 \" id=\"\">\n                <span >Lernen wir uns kennen<\/span>\n                            <\/a>\n                                <\/div>\n                                            <\/div>\n                                        <div class=\"tech-img-holder\">\n                    <img fetchpriority=\"high\" decoding=\"async\" width=\"1024\" height=\"1024\" src=\"https:\/\/evitly.lt\/wp-content\/uploads\/2024\/12\/job-offers.png\" class=\"attachment-full size-full wp-image-2107\" alt=\"\" srcset=\"https:\/\/evitly.lt\/wp-content\/uploads\/2024\/12\/job-offers.png 1024w, https:\/\/evitly.lt\/wp-content\/uploads\/2024\/12\/job-offers-300x300.png 300w, https:\/\/evitly.lt\/wp-content\/uploads\/2024\/12\/job-offers-150x150.png 150w, https:\/\/evitly.lt\/wp-content\/uploads\/2024\/12\/job-offers-768x768.png 768w, https:\/\/evitly.lt\/wp-content\/uploads\/2024\/12\/job-offers-260x260.png 260w\" sizes=\"(max-width: 1024px) 100vw, 1024px\" \/>                    <\/div>\n                                    <\/div>\n            <\/div>\n            <div class=\"animated-dots\"><span class=\"dot lf-left-right\"><\/span><span class=\"lf-up-down\"><\/span><span class=\"lf-up-down\"><\/span><span class=\"lf-rotate-center\"><\/span><span class=\"lf-left-right\"><\/span><span class=\"lf-rotate-center\"><\/span><\/div>        <\/div>\n        \t\t\t\t<\/div>\n\t\t\t\t<\/div>\n\t\t\t\t<\/div>\n\t\t<div class=\"elementor-element elementor-element-7746fd9 e-flex e-con-boxed wpr-particle-no wpr-jarallax-no wpr-parallax-no wpr-sticky-section-no e-con e-parent\" data-id=\"7746fd9\" data-element_type=\"container\" data-e-type=\"container\" data-settings=\"{&quot;background_background&quot;:&quot;classic&quot;}\">\n\t\t\t\t\t<div class=\"e-con-inner\">\n\t\t\t\t<div class=\"elementor-element elementor-element-73e1cdc elementor-widget elementor-widget-softgen-section-heading\" data-id=\"73e1cdc\" data-element_type=\"widget\" data-e-type=\"widget\" data-widget_type=\"softgen-section-heading.default\">\n\t\t\t\t<div class=\"elementor-widget-container\">\n\t\t\t\t\t        <div class=\"el-section-heading\">\n            <div class=\"content-wrapper\">\n                            <h2 class=\"sg-heading is-border wow sg-fadeInBottom\" data-wow-offset=\"200\" data-wow-delay=\"0ms\" data-wow-duration=\"2000ms\">\n            <span>Rekrutierungsprozess<\/span>            <\/h2>\n                    <p class=\"desc wow sg-fadeInBottom\" data-wow-offset=\"200\" data-wow-delay=\"100ms\" data-wow-duration=\"2000ms\">Mit Evitly wird der Einstellungsprozess schnell, einfach und effizient.<\/p>\n                    <\/div>\n        <\/div>\n        \t\t\t\t<\/div>\n\t\t\t\t<\/div>\n\t\t<div class=\"elementor-element elementor-element-6938818 e-con-full e-flex wpr-particle-no wpr-jarallax-no wpr-parallax-no wpr-sticky-section-no e-con e-child\" data-id=\"6938818\" data-element_type=\"container\" data-e-type=\"container\">\n\t\t\t\t<div class=\"elementor-element elementor-element-d76fe60 wpr-list-style-none elementor-widget elementor-widget-wpr-posts-timeline\" data-id=\"d76fe60\" data-element_type=\"widget\" data-e-type=\"widget\" data-settings=\"{&quot;animation_offset&quot;:150,&quot;aos_animation_duration&quot;:600}\" data-widget_type=\"wpr-posts-timeline.default\">\n\t\t\t\t<div class=\"elementor-widget-container\">\n\t\t\t\t\t\n\t\t<div class=\"wpr-wrapper wpr-vertical wpr-centered\">\n\t\t\t<div class=\"wpr-timeline-centered wpr-line wpr-both-sided-timeline\"><div class=\"wpr-middle-line\"><\/div><div class=\"wpr-timeline-fill\" data-layout=\"centered\"><\/div><article class=\"wpr-timeline-entry wpr-left-aligned elementor-repeater-item-1951efb\" data-item-id=\"elementor-repeater-item-1951efb\"><time class=\"wpr-extra-label\" data-aos=\"fade\" data-aos-left=\"\" data-aos-right=\"\" data-animation-offset=\"150\" data-animation-duration=\"600\"><span class=\"wpr-label\">Schritt 1<\/span><\/time><div class=\"wpr-timeline-entry-inner\"><div class=\"wpr-main-line-icon wpr-icon\"><i aria-hidden=\"true\" class=\"la la-envelope-open-text\"><\/i><\/div><div class=\"wpr-story-info-vertical wpr-data-wrap \"  data-aos=\"fade\" data-aos-left=\"\" data-aos-right=\"\" data-animation-offset=\"150\" data-animation-duration=\"600\"><div class=\"wpr-timeline-content-wrapper\"><div class=\"wpr-content-wrapper\"><div class=\"wpr-title-wrap\"><span class=\"wpr-title\"> Erstkontakt<\/span><\/div><div class=\"wpr-description\"><p>Beim Erstkontakt per Telefon, E-Mail oder \u00fcber soziale Netzwerke besprechen wir die offenen Stellenangebote.<\/p><\/div><\/div><\/div><\/div>\n\t\t\t\t\t\t<\/div>\n\t\t\t\t<\/article><article class=\"wpr-timeline-entry wpr-right-aligned elementor-repeater-item-3563f2d\" data-item-id=\"elementor-repeater-item-3563f2d\"><time class=\"wpr-extra-label\" data-aos=\"fade\" data-aos-left=\"\" data-aos-right=\"\" data-animation-offset=\"150\" data-animation-duration=\"600\"><span class=\"wpr-label\">Schritt 2<\/span><\/time><div class=\"wpr-timeline-entry-inner\"><div class=\"wpr-main-line-icon wpr-icon\"><svg aria-hidden=\"true\" class=\"e-font-icon-svg e-fas-people-arrows\" viewBox=\"0 0 576 512\" xmlns=\"http:\/\/www.w3.org\/2000\/svg\"><path d=\"M96,128A64,64,0,1,0,32,64,64,64,0,0,0,96,128Zm0,176.08a44.11,44.11,0,0,1,13.64-32L181.77,204c1.65-1.55,3.77-2.31,5.61-3.57A63.91,63.91,0,0,0,128,160H64A64,64,0,0,0,0,224v96a32,32,0,0,0,32,32V480a32,32,0,0,0,32,32h64a32,32,0,0,0,32-32V383.61l-50.36-47.53A44.08,44.08,0,0,1,96,304.08ZM480,128a64,64,0,1,0-64-64A64,64,0,0,0,480,128Zm32,32H448a63.91,63.91,0,0,0-59.38,40.42c1.84,1.27,4,2,5.62,3.59l72.12,68.06a44.37,44.37,0,0,1,0,64L416,383.62V480a32,32,0,0,0,32,32h64a32,32,0,0,0,32-32V352a32,32,0,0,0,32-32V224A64,64,0,0,0,512,160ZM444.4,295.34l-72.12-68.06A12,12,0,0,0,352,236v36H224V236a12,12,0,0,0-20.28-8.73L131.6,295.34a12.4,12.4,0,0,0,0,17.47l72.12,68.07A12,12,0,0,0,224,372.14V336H352v36.14a12,12,0,0,0,20.28,8.74l72.12-68.07A12.4,12.4,0,0,0,444.4,295.34Z\"><\/path><\/svg><\/div><div class=\"wpr-story-info-vertical wpr-data-wrap \"  data-aos=\"fade\" data-aos-left=\"\" data-aos-right=\"\" data-animation-offset=\"150\" data-animation-duration=\"600\"><div class=\"wpr-timeline-content-wrapper\"><div class=\"wpr-content-wrapper\"><div class=\"wpr-title-wrap\"><span class=\"wpr-title\">HR-Interview<\/span><\/div><div class=\"wpr-description\"><p>Im HR-Interview hast du die M\u00f6glichkeit, mehr \u00fcber die Position zu erfahren, f\u00fcr die du dich bewirbst, und deine technischen F\u00e4higkeiten sowie pers\u00f6nlichen Eigenschaften zu pr\u00e4sentieren.<\/p><\/div><\/div><\/div><\/div>\n\t\t\t\t\t\t<\/div>\n\t\t\t\t<\/article><article class=\"wpr-timeline-entry wpr-left-aligned elementor-repeater-item-7c1e9d4\" data-item-id=\"elementor-repeater-item-7c1e9d4\"><time class=\"wpr-extra-label\" data-aos=\"fade\" data-aos-left=\"\" data-aos-right=\"\" data-animation-offset=\"150\" data-animation-duration=\"600\"><span class=\"wpr-label\">Schritt 3<\/span><\/time><div class=\"wpr-timeline-entry-inner\"><div class=\"wpr-main-line-icon wpr-icon\"><i aria-hidden=\"true\" class=\"la la-chalkboard-teacher\"><\/i><\/div><div class=\"wpr-story-info-vertical wpr-data-wrap \"  data-aos=\"fade\" data-aos-left=\"\" data-aos-right=\"\" data-animation-offset=\"150\" data-animation-duration=\"600\"><div class=\"wpr-timeline-content-wrapper\"><div class=\"wpr-content-wrapper\"><div class=\"wpr-title-wrap\"><span class=\"wpr-title\">Projektinterview<\/span><\/div><div class=\"wpr-description\"><p>W\u00e4hrend des Projektinterviews lernst du deinen zuk\u00fcnftigen Arbeitgeber kennen. In diesem Abschnitt bewerten wir auch dein technisches Wissen, deine Probleml\u00f6sungsf\u00e4higkeiten und deine F\u00e4higkeit, theoretisches Wissen in der Praxis anzuwenden.<\/p><\/div><\/div><\/div><\/div>\n\t\t\t\t\t\t<\/div>\n\t\t\t\t<\/article><article class=\"wpr-timeline-entry wpr-right-aligned elementor-repeater-item-ae23375\" data-item-id=\"elementor-repeater-item-ae23375\"><time class=\"wpr-extra-label\" data-aos=\"fade\" data-aos-left=\"\" data-aos-right=\"\" data-animation-offset=\"150\" data-animation-duration=\"600\"><span class=\"wpr-label\">Schritt 4<\/span><\/time><div class=\"wpr-timeline-entry-inner\"><div class=\"wpr-main-line-icon wpr-icon\"><i aria-hidden=\"true\" class=\"bi bi-team\"><\/i><\/div><div class=\"wpr-story-info-vertical wpr-data-wrap \"  data-aos=\"fade\" data-aos-left=\"\" data-aos-right=\"\" data-animation-offset=\"150\" data-animation-duration=\"600\"><div class=\"wpr-timeline-content-wrapper\"><div class=\"wpr-content-wrapper\"><div class=\"wpr-title-wrap\"><span class=\"wpr-title\">R\u00fcckmeldung geben<\/span><\/div><div class=\"wpr-description\"><p>Nach diesen Phasen geben wir dir offenes Feedback zu den im Auswahlprozess beobachteten St\u00e4rken und Verbesserungsbereichen, um deinen beruflichen Werdegang zu f\u00f6rdern.<\/p><\/div><\/div><\/div><\/div>\n\t\t\t\t\t\t<\/div>\n\t\t\t\t<\/article><article class=\"wpr-timeline-entry wpr-left-aligned elementor-repeater-item-0e17a96\" data-item-id=\"elementor-repeater-item-0e17a96\"><time class=\"wpr-extra-label\" data-aos=\"fade\" data-aos-left=\"\" data-aos-right=\"\" data-animation-offset=\"150\" data-animation-duration=\"600\"><span class=\"wpr-label\">Schritt 5<\/span><\/time><div class=\"wpr-timeline-entry-inner\"><div class=\"wpr-main-line-icon wpr-icon\"><svg aria-hidden=\"true\" class=\"e-font-icon-svg e-fas-hands-helping\" viewBox=\"0 0 640 512\" xmlns=\"http:\/\/www.w3.org\/2000\/svg\"><path d=\"M488 192H336v56c0 39.7-32.3 72-72 72s-72-32.3-72-72V126.4l-64.9 39C107.8 176.9 96 197.8 96 220.2v47.3l-80 46.2C.7 322.5-4.6 342.1 4.3 357.4l80 138.6c8.8 15.3 28.4 20.5 43.7 11.7L231.4 448H368c35.3 0 64-28.7 64-64h16c17.7 0 32-14.3 32-32v-64h8c13.3 0 24-10.7 24-24v-48c0-13.3-10.7-24-24-24zm147.7-37.4L555.7 16C546.9.7 527.3-4.5 512 4.3L408.6 64H306.4c-12 0-23.7 3.4-33.9 9.7L239 94.6c-9.4 5.8-15 16.1-15 27.1V248c0 22.1 17.9 40 40 40s40-17.9 40-40v-88h184c30.9 0 56 25.1 56 56v28.5l80-46.2c15.3-8.9 20.5-28.4 11.7-43.7z\"><\/path><\/svg><\/div><div class=\"wpr-story-info-vertical wpr-data-wrap \"  data-aos=\"fade\" data-aos-left=\"\" data-aos-right=\"\" data-animation-offset=\"150\" data-animation-duration=\"600\"><div class=\"wpr-timeline-content-wrapper\"><div class=\"wpr-content-wrapper\"><div class=\"wpr-title-wrap\"><span class=\"wpr-title\">Arbeitsangebot<\/span><\/div><div class=\"wpr-description\"><p>Nach erfolgreichem Abschluss des Auswahlverfahrens erh\u00e4ltst du ein Arbeitsangebot und kannst damit ein neues Kapitel in deiner Karriere aufschlagen.<\/p><\/div><\/div><\/div><\/div>\n\t\t\t\t\t\t<\/div>\n\t\t\t\t<\/article><\/div>    \n\t\t\t<\/div>\t\t\t\t<\/div>\n\t\t\t\t<\/div>\n\t\t\t\t<\/div>\n\t\t\t\t\t<\/div>\n\t\t\t\t<\/div>\n\t\t<div class=\"elementor-element elementor-element-5c58a9c adv-bg-yes e-flex e-con-boxed adv-bg-pos-top-left wpr-particle-no wpr-jarallax-no wpr-parallax-no wpr-sticky-section-no e-con e-parent\" data-id=\"5c58a9c\" data-element_type=\"container\" data-e-type=\"container\">\n\t\t\t\t\t<div class=\"e-con-inner\">\n\t\t<div class=\"elementor-element elementor-element-077c8dc e-con-full e-flex wpr-particle-no wpr-jarallax-no wpr-parallax-no wpr-sticky-section-no e-con e-child\" data-id=\"077c8dc\" data-element_type=\"container\" data-e-type=\"container\">\n\t\t\t\t<div class=\"elementor-element elementor-element-358474d elementor-widget elementor-widget-softgen-section-heading\" data-id=\"358474d\" data-element_type=\"widget\" data-e-type=\"widget\" data-widget_type=\"softgen-section-heading.default\">\n\t\t\t\t<div class=\"elementor-widget-container\">\n\t\t\t\t\t        <div class=\"el-section-heading\">\n            <div class=\"content-wrapper\">\n                            <h2 class=\"sg-heading is-border wow sg-fadeInBottom\" data-wow-offset=\"200\" data-wow-delay=\"0ms\" data-wow-duration=\"2000ms\">\n            Erfahre mehr \u00fcber offene <span>Stellenangebote<\/span>            <\/h2>\n                    <p class=\"desc wow sg-fadeInBottom\" data-wow-offset=\"200\" data-wow-delay=\"100ms\" data-wow-duration=\"2000ms\">Durchst\u00f6bern Sie die Stellenangebote und finden Sie noch heute Ihren neuen Arbeitsplatz!<\/p>\n                    <\/div>\n        <\/div>\n        \t\t\t\t<\/div>\n\t\t\t\t<\/div>\n\t\t\t\t<div class=\"elementor-element elementor-element-822c316 el-btn-align-right el-btn-align-center animated-slow elementor-invisible elementor-widget elementor-widget-softgen-button\" data-id=\"822c316\" data-element_type=\"widget\" data-e-type=\"widget\" data-settings=\"{&quot;_animation&quot;:&quot;fadeInUp&quot;}\" data-widget_type=\"softgen-button.default\">\n\t\t\t\t<div class=\"elementor-widget-container\">\n\t\t\t\t\t\n        <div class=\"el-btn-wrap\">\n                        <a href=\"https:\/\/evitly.lt\/darbo-pasiulymai\/\" rel=\"nofollow\" class=\"sg-theme-btn btn-1 \" id=\"\">\n                <span >Stellenangebote ansehen<\/span>\n                            <\/a>\n                <\/div>\n        \t\t\t\t<\/div>\n\t\t\t\t<\/div>\n\t\t\t\t<\/div>\n\t\t<div class=\"elementor-element elementor-element-ac09263 e-con-full e-flex wpr-particle-no wpr-jarallax-no wpr-parallax-no wpr-sticky-section-no e-con e-child\" data-id=\"ac09263\" data-element_type=\"container\" data-e-type=\"container\" data-settings=\"{&quot;background_background&quot;:&quot;classic&quot;}\">\n\t\t\t\t<div class=\"elementor-element elementor-element-2e56960 slide-per-show-1 slide-per-show-2 carousel-container_width slide-per-show-3 center-mode-no elementor-widget elementor-widget-softgen-projects\" data-id=\"2e56960\" data-element_type=\"widget\" data-e-type=\"widget\" data-settings=\"{&quot;slides_per_scroll&quot;:&quot;2&quot;,&quot;navigation&quot;:&quot;both&quot;,&quot;slides_per_show_mobile&quot;:&quot;1&quot;,&quot;slides_per_show&quot;:&quot;2&quot;,&quot;carousel&quot;:&quot;yes&quot;,&quot;slides_per_show_tablet&quot;:3,&quot;slides_per_scroll_tablet&quot;:1,&quot;autoplay&quot;:&quot;yes&quot;,&quot;autoplay_speed&quot;:5000,&quot;pause_on_hover&quot;:&quot;yes&quot;,&quot;infinite_loop&quot;:&quot;yes&quot;,&quot;anim_speed&quot;:500,&quot;center_mode&quot;:&quot;no&quot;}\" data-widget_type=\"softgen-projects.default\">\n\t\t\t\t<div class=\"elementor-widget-container\">\n\t\t\t\t\t<div class=\"el-project-wrapper\" data-settings=\"{&quot;carousel&quot;:&quot;yes&quot;,&quot;filter&quot;:&quot;no&quot;}\">        <div class=\"\">\n                            <div class=\"dl-carousel\">\n                                            <div class=\"slick-slide\">\n                                    <article id=\"project-4350\" class=\"el-project-card post-4350 dl-project type-dl-project status-publish has-post-thumbnail hentry project-category-kaunas-de project-category-remote-de\">\n\t\t\t<div class=\"el-project-card-inner\">\n\t\t\t\t<div class=\"project-thumb\">\n\t\t\t\t\t<a href=\"https:\/\/evitly.lt\/de\/project\/mid-level-senior-react-developer\/\"><img decoding=\"async\" width=\"6000\" height=\"3375\" src=\"https:\/\/evitly.lt\/wp-content\/uploads\/2025\/02\/Copy-of-Evitly-darbo-pozicijos-skelbimai.png\" class=\"attachment-full size-full wp-post-image\" alt=\"\" srcset=\"https:\/\/evitly.lt\/wp-content\/uploads\/2025\/02\/Copy-of-Evitly-darbo-pozicijos-skelbimai.png 6000w, https:\/\/evitly.lt\/wp-content\/uploads\/2025\/02\/Copy-of-Evitly-darbo-pozicijos-skelbimai-300x169.png 300w, https:\/\/evitly.lt\/wp-content\/uploads\/2025\/02\/Copy-of-Evitly-darbo-pozicijos-skelbimai-1024x576.png 1024w, https:\/\/evitly.lt\/wp-content\/uploads\/2025\/02\/Copy-of-Evitly-darbo-pozicijos-skelbimai-768x432.png 768w, https:\/\/evitly.lt\/wp-content\/uploads\/2025\/02\/Copy-of-Evitly-darbo-pozicijos-skelbimai-1536x864.png 1536w, https:\/\/evitly.lt\/wp-content\/uploads\/2025\/02\/Copy-of-Evitly-darbo-pozicijos-skelbimai-2048x1152.png 2048w, https:\/\/evitly.lt\/wp-content\/uploads\/2025\/02\/Copy-of-Evitly-darbo-pozicijos-skelbimai-18x10.png 18w\" sizes=\"(max-width: 6000px) 100vw, 6000px\" \/><\/a>\n\t\t\t\t<\/div>\n\t\t\t\t<div class=\"project-content\">\n\t\t\t\t\t<a href=\"https:\/\/evitly.lt\/de\/project-category\/kaunas-de\/\" class=\"project-cat\">Kaunas<\/a>\t\t\t\t\t<h3 class=\"project-title\"><a href=\"https:\/\/evitly.lt\/de\/project\/mid-level-senior-react-developer\/\">Mid-Level\/ Senior React Developer<\/a><\/h3>\n\t\t\t\t\t\t\t\t\t\t<a href=\"https:\/\/evitly.lt\/de\/project\/mid-level-senior-react-developer\/\" class=\"read-more\"><i aria-hidden=\"true\" class=\"las la-long-arrow-alt-right\"><\/i><\/a>\n\t\t\t\t\t\t\t\t\t<\/div>\n\t\t\t<\/div>\n        <\/article>\n                                <\/div>\n                                            <div class=\"slick-slide\">\n                                    <article id=\"project-4354\" class=\"el-project-card post-4354 dl-project type-dl-project status-publish has-post-thumbnail hentry project-category-kaunas-de project-category-remote-de\">\n\t\t\t<div class=\"el-project-card-inner\">\n\t\t\t\t<div class=\"project-thumb\">\n\t\t\t\t\t<a href=\"https:\/\/evitly.lt\/de\/project\/mid-level-senior-software-developer\/\"><img decoding=\"async\" width=\"2560\" height=\"1440\" src=\"https:\/\/evitly.lt\/wp-content\/uploads\/2025\/04\/Copy-of-Evitly-darbo-pozicijos-skelbimai-1-scaled.jpg\" class=\"attachment-full size-full wp-post-image\" alt=\"\" srcset=\"https:\/\/evitly.lt\/wp-content\/uploads\/2025\/04\/Copy-of-Evitly-darbo-pozicijos-skelbimai-1-scaled.jpg 2560w, https:\/\/evitly.lt\/wp-content\/uploads\/2025\/04\/Copy-of-Evitly-darbo-pozicijos-skelbimai-1-300x169.jpg 300w, https:\/\/evitly.lt\/wp-content\/uploads\/2025\/04\/Copy-of-Evitly-darbo-pozicijos-skelbimai-1-1024x576.jpg 1024w, https:\/\/evitly.lt\/wp-content\/uploads\/2025\/04\/Copy-of-Evitly-darbo-pozicijos-skelbimai-1-768x432.jpg 768w, https:\/\/evitly.lt\/wp-content\/uploads\/2025\/04\/Copy-of-Evitly-darbo-pozicijos-skelbimai-1-1536x864.jpg 1536w, https:\/\/evitly.lt\/wp-content\/uploads\/2025\/04\/Copy-of-Evitly-darbo-pozicijos-skelbimai-1-2048x1152.jpg 2048w\" sizes=\"(max-width: 2560px) 100vw, 2560px\" \/><\/a>\n\t\t\t\t<\/div>\n\t\t\t\t<div class=\"project-content\">\n\t\t\t\t\t<a href=\"https:\/\/evitly.lt\/de\/project-category\/kaunas-de\/\" class=\"project-cat\">Kaunas<\/a>\t\t\t\t\t<h3 class=\"project-title\"><a href=\"https:\/\/evitly.lt\/de\/project\/mid-level-senior-software-developer\/\">Mid-Level\/Senior Software Developer<\/a><\/h3>\n\t\t\t\t\t\t\t\t\t\t<a href=\"https:\/\/evitly.lt\/de\/project\/mid-level-senior-software-developer\/\" class=\"read-more\"><i aria-hidden=\"true\" class=\"las la-long-arrow-alt-right\"><\/i><\/a>\n\t\t\t\t\t\t\t\t\t<\/div>\n\t\t\t<\/div>\n        <\/article>\n                                <\/div>\n                                    <\/div>\n                                <div class=\"dl-carousel-dots dots-none\"><\/div>\n                                                <div class=\"dl-carousel-nav nav-centered\"><\/div>\n                                    <button type=\"button\" class=\"slick-prev nav-hidden\"><i aria-hidden=\"true\" class=\"las la-long-arrow-alt-left\"><\/i><\/button>\n                                                    <button type=\"button\" class=\"slick-next nav-hidden\"><i aria-hidden=\"true\" class=\"las la-long-arrow-alt-right\"><\/i><\/button>\n                                                    <\/div>\n        <\/div>\t\t\t\t<\/div>\n\t\t\t\t<\/div>\n\t\t\t\t<\/div>\n\t\t\t\t\t<\/div>\n\t\t\t\t<\/div>\n\t\t\t\t<\/div>\n\t\t","protected":false},"excerpt":{"rendered":"<p>Wir tragen zu deinem Karriereerfolg bei! Dein n\u00e4chster Karriereschritt in der IT beginnt hier \u2013 mit Evitly! Von der Suche nach den passendsten Positionen bis hin zu einem reibungslosen Einstellungsprozess \u2013 wir sorgen daf\u00fcr, dass du nicht nur ein Team findest, das deinen F\u00e4higkeiten und Ambitionen entspricht, sondern auch eine Stelle, in der du wachsen und dich weiterentwickeln kannst. Unser Ziel ist es, langfristige Verbindungen zwischen IT-Fachkr\u00e4ften und Organisationen zu schaffen, die deren Wissen, Kreativit\u00e4t und Erfahrung sch\u00e4tzen. Lernen wir uns kennen Rekrutierungsprozess Mit Evitly wird der Einstellungsprozess schnell, einfach und effizient. Schritt 1 Erstkontakt Beim Erstkontakt per Telefon, E-Mail oder \u00fcber soziale Netzwerke besprechen wir die offenen Stellenangebote. Schritt 2 HR-Interview Im HR-Interview hast du die M\u00f6glichkeit, mehr \u00fcber die Position zu erfahren, f\u00fcr die du dich bewirbst, und deine technischen F\u00e4higkeiten sowie pers\u00f6nlichen Eigenschaften zu pr\u00e4sentieren. Schritt 3 Projektinterview W\u00e4hrend des Projektinterviews lernst du deinen zuk\u00fcnftigen Arbeitgeber kennen. In diesem Abschnitt bewerten wir auch dein technisches Wissen, deine Probleml\u00f6sungsf\u00e4higkeiten und deine F\u00e4higkeit, theoretisches Wissen in der Praxis anzuwenden. Schritt 4 R\u00fcckmeldung geben Nach diesen Phasen geben wir dir offenes Feedback zu den im Auswahlprozess beobachteten St\u00e4rken und Verbesserungsbereichen, um deinen beruflichen Werdegang zu f\u00f6rdern. Schritt 5 Arbeitsangebot Nach erfolgreichem Abschluss des Auswahlverfahrens erh\u00e4ltst du ein Arbeitsangebot und kannst damit ein neues Kapitel in deiner Karriere aufschlagen. Erfahre mehr \u00fcber offene Stellenangebote Durchst\u00f6bern Sie die Stellenangebote und finden Sie noch heute Ihren neuen Arbeitsplatz! Stellenangebote ansehen Kaunas Mid-Level\/ Senior React Developer Kaunas Mid-Level\/Senior Software Developer<\/p>\n","protected":false},"author":1,"featured_media":0,"parent":0,"menu_order":0,"comment_status":"closed","ping_status":"closed","template":"elementor-template.php","meta":{"_monsterinsights_skip_tracking":false,"_monsterinsights_sitenote_active":false,"_monsterinsights_sitenote_note":"","_monsterinsights_sitenote_category":0,"footnotes":""},"class_list":["post-4469","page","type-page","status-publish","hentry"],"aioseo_notices":[],"_links":{"self":[{"href":"https:\/\/evitly.lt\/de\/wp-json\/wp\/v2\/pages\/4469","targetHints":{"allow":["GET"]}}],"collection":[{"href":"https:\/\/evitly.lt\/de\/wp-json\/wp\/v2\/pages"}],"about":[{"href":"https:\/\/evitly.lt\/de\/wp-json\/wp\/v2\/types\/page"}],"author":[{"embeddable":true,"href":"https:\/\/evitly.lt\/de\/wp-json\/wp\/v2\/users\/1"}],"replies":[{"embeddable":true,"href":"https:\/\/evitly.lt\/de\/wp-json\/wp\/v2\/comments?post=4469"}],"version-history":[{"count":10,"href":"https:\/\/evitly.lt\/de\/wp-json\/wp\/v2\/pages\/4469\/revisions"}],"predecessor-version":[{"id":4497,"href":"https:\/\/evitly.lt\/de\/wp-json\/wp\/v2\/pages\/4469\/revisions\/4497"}],"wp:attachment":[{"href":"https:\/\/evitly.lt\/de\/wp-json\/wp\/v2\/media?parent=4469"}],"curies":[{"name":"wp","href":"https:\/\/api.w.org\/{rel}","templated":true}]}}